{"id":8062,"date":"2014-12-04T22:04:41","date_gmt":"2014-12-04T22:04:41","guid":{"rendered":"http:\/\/senras.com.br\/Interventus\/?page_id=8062"},"modified":"2015-01-12T16:44:26","modified_gmt":"2015-01-12T16:44:26","slug":"produtos","status":"publish","type":"page","link":"https:\/\/interventus.com.br\/?page_id=8062","title":{"rendered":"Produtos"},"content":{"rendered":"<div class=\"row \"><div class=\"wpv-grid grid-1-1  wpv-first-level first unextended\" style=\"padding-top:0px;padding-bottom:0px\" id=\"wpv-column-fcbd6d0c59377213d5b85a1a2fd2cd33\" ><p>\n\t\t\t<!-- START produtos REVOLUTION SLIDER 6.7.13 --><p class=\"rs-p-wp-fix\"><\/p>\n\t\t\t<rs-module-wrap id=\"rev_slider_8_1_wrapper\" data-source=\"gallery\" data-aimg=\"\"  style=\"visibility:hidden;background:#E9E9E9;padding:0;margin:0px auto;margin-top:0;margin-bottom:0;\">\n\t\t\t\t<rs-module id=\"rev_slider_8_1\" style=\"\" data-version=\"6.7.13\">\n\t\t\t\t\t<rs-slides style=\"overflow: hidden; position: absolute;\">\n\t\t\t\t\t\t<rs-slide style=\"position: absolute;\" data-key=\"rs-21\" data-title=\"Slide\" data-anim=\"ms:300;\" data-in=\"o:1;\" data-out=\"o:1;\">\n\t\t\t\t\t\t\t<img decoding=\"async\" src=\"\/\/interventus.com.br\/wp-content\/plugins\/revslider\/sr6\/assets\/assets\/dummy.png\" alt=\"\" title=\"Produtos\" class=\"rev-slidebg tp-rs-img rs-lazyload\" data-lazyload=\"\/\/interventus.com.br\/wp-content\/uploads\/2013\/03\/0009407438P-1920x1280-e1419018824595.jpg\" data-no-retina>\n<!---->\t\t\t\t\t<\/rs-slide>\n\t\t\t\t\t\t<rs-slide style=\"position: absolute;\" data-key=\"rs-211\" data-title=\"Slide\" data-anim=\"ms:300;\" data-in=\"o:1;\" data-out=\"o:1;\">\n\t\t\t\t\t\t\t<img decoding=\"async\" src=\"\/\/interventus.com.br\/wp-content\/plugins\/revslider\/sr6\/assets\/assets\/dummy.png\" alt=\"\" title=\"Produtos\" class=\"rev-slidebg tp-rs-img rs-lazyload\" data-lazyload=\"\/\/interventus.com.br\/wp-content\/uploads\/2013\/03\/0009407438P-1920x1280-e1419018824595.jpg\" data-no-retina>\n<!---->\t\t\t\t\t<\/rs-slide>\n\t\t\t\t\t<\/rs-slides>\n\t\t\t\t<\/rs-module>\n\t\t\t\t<script>\n\t\t\t\t\tsetREVStartSize({c: 'rev_slider_8_1',rl:[1240,1024,778,480],el:[],gw:[960],gh:[350],type:'standard',justify:'',layout:'fullwidth',mh:\"0\"});if (window.RS_MODULES!==undefined && window.RS_MODULES.modules!==undefined && window.RS_MODULES.modules[\"revslider81\"]!==undefined) {window.RS_MODULES.modules[\"revslider81\"].once = false;window.revapi8 = undefined;if (window.RS_MODULES.checkMinimal!==undefined) window.RS_MODULES.checkMinimal()}\n\t\t\t\t<\/script>\n\t\t\t<\/rs-module-wrap>\n\t\t\t<!-- END REVOLUTION SLIDER -->\n<\/div><\/div>\n<div class=\"row \"><div class=\"wpv-grid grid-1-1  wpv-first-level first hide-bg-lowres has-background unextended\" style=\"\n\t\t\t\tbackground: url( 'http:\/\/interventus.com.br\/wp-content\/uploads\/2014\/12\/remedio-baixo_ok.png' ) no-repeat center bottom;\n\t\t\t\tbackground-size: auto;\n\t\t\t\tbackground-attachment: scroll;\n\t\t\tpadding-top:20px;padding-bottom:20px\" id=\"wpv-column-60ccebc96010bf804c0b255e3a3df2c7\" ><div class=\"row \"><div class=\"wpv-grid grid-1-2  first unextended\" style=\"padding-top:0px;padding-bottom:0px\" id=\"wpv-column-658faf14d2ea8a0437082b3f1157134d\" ><h2><span style=\"font-family: Oswald, sans-serif; font-size: 24px; color: #339966;\">Produtos<\/span><\/h2>\n<div class=\"push\" style='height:80px'><\/div><\/div><\/div>\n<div class=\"wpv-accordion-wrapper wpv-accordion-1\"><ul class=\"wpv-accordion\" data-collapsible=\"true\"><li class=\"pane-wrapper\" style=\"background-image: url(&quot;&#8221;&#8221;&quot;);\">\n\t\t\t\t\t<h4 class=\"tab has-bg\"><div class=\"inner\">Cosm\u00e9ticos<\/div><\/h4>\n\t\t\t\t\t<div class=\"pane\"><div class=\"inner\"><div class=\"row \"><div class=\"wpv-grid grid-1-2  first unextended\" style=\"padding-top:0px;padding-bottom:0px\" id=\"wpv-column-03a9d1c05054fd00a49403e59c980c4a\" ><p><span style=\"color: #339966; font-family: Oswald, sans-serif; font-size: 14px;\"><strong>Cosm\u00e9ticos<\/strong><\/span><br \/>\n<span style=\"font-family: Oswald, sans-serif; font-size: 14px;\">S\u00e3o prepara\u00e7\u00f5es destinadas a pele, cabelos, unhas, l\u00e1bios, dentes, com o objetivo exclusivo ou principal de limp\u00e1-los, perfum\u00e1-los, alterar sua apar\u00eancia e\/ou corrigir odores corporais. Podem ser classificados como grau 1 ou grau 2:<\/span><\/p>\n<ul>\n<li><span style=\"font-family: Oswald, sans-serif; font-size: 14px;\">Notifica\u00e7\u00e3o: Grau 1<\/span><\/li>\n<li><span style=\"font-family: Oswald, sans-serif; font-size: 14px;\">Registro e Registro Simplificado: Grau 2<\/span><\/li>\n<li><span style=\"font-family: Oswald, sans-serif; font-size: 14px;\">Comunica\u00e7\u00e3o Pr\u00e9via<\/span><\/li>\n<li><span style=\"font-family: Oswald, sans-serif; font-size: 14px;\">Renova\u00e7\u00e3o de Registro e Notifica\u00e7\u00e3o. <\/span><\/li>\n<li><span style=\"font-family: Oswald, sans-serif; font-size: 14px;\">Altera\u00e7\u00f5es.<\/span><\/li>\n<\/ul>\n<p><span style=\"font-family: Oswald, sans-serif; font-size: 14px;\">Para a correta classifica\u00e7\u00e3o dos produtos, entre em contato conosco.<\/span><\/div><\/div><\/div><\/div>\n\t\t\t\t\t<\/li><li class=\"pane-wrapper\" style=\"background-image: url(&quot;&#8221;&#8221;&quot;);\">\n\t\t\t\t\t<h4 class=\"tab has-bg\"><div class=\"inner\">Produtos&nbsp;para&nbsp;Sa\u00fade<\/div><\/h4>\n\t\t\t\t\t<div class=\"pane\"><div class=\"inner\"><div class=\"row \"><div class=\"wpv-grid grid-1-2  first unextended\" style=\"padding-top:0px;padding-bottom:0px\" id=\"wpv-column-00de4142a6e8f837f6e57e66d95b8692\" ><p><span style=\"font-family: Oswald, sans-serif; font-size: 14px;\"><strong style=\"color: #339966; font-family: Oswald, sans-serif; font-size: 14px;\">Produtos para Sa\u00fade<\/strong><\/span><\/p>\n<p><span style=\"font-family: Oswald, sans-serif; font-size: 14px;\">Produtos utilizados em procedimentos m\u00e9dicos, odontol\u00f3gicos e fisioter\u00e1picos para o diagn\u00f3stico, tratamento, reabilita\u00e7\u00e3o ou monitora\u00e7\u00e3o de pacientes. Podem ser classificados em Classes de I a IV onde se enquadram em registro ou Cadastramento de Produtos.<\/span><\/p>\n<ul>\n<li><span style=\"font-family: Oswald, sans-serif; font-size: 14px;\">Registro de equipamento e artigo de uso m\u00e9dico;<\/span><\/li>\n<li><span style=\"font-family: Oswald, sans-serif; font-size: 14px;\">Registro de produtos de Diagn\u00f3stico in-vitro;<\/span><\/li>\n<li><span style=\"font-family: Oswald, sans-serif; font-size: 14px;\">Registro de fam\u00edlia de produtos para sa\u00fade;<\/span><\/li>\n<li><span style=\"font-family: Oswald, sans-serif; font-size: 14px;\">Cadastramento de produtos;<\/span><\/li>\n<li><span style=\"font-family: Oswald, sans-serif; font-size: 14px;\">Renova\u00e7\u00f5es de registro;<\/span><\/li>\n<li><span style=\"font-family: Oswald, sans-serif; font-size: 14px;\">Altera\u00e7\u00f5es.<\/span><\/li>\n<\/ul>\n<p><span style=\"font-family: Oswald, sans-serif; font-size: 14px;\">Para a correta classifica\u00e7\u00e3o dos produtos, entre em contato conosco.<\/span><\/div><\/div><\/div><\/div>\n\t\t\t\t\t<\/li><li class=\"pane-wrapper\" style=\"background-image: url(&quot;&#8221;&#8221;&quot;);\">\n\t\t\t\t\t<h4 class=\"tab has-bg\"><div class=\"inner\">Saneantes<\/div><\/h4>\n\t\t\t\t\t<div class=\"pane\"><div class=\"inner\"><div class=\"row \"><div class=\"wpv-grid grid-1-2  first unextended\" style=\"padding-top:0px;padding-bottom:0px\" id=\"wpv-column-d705808d4766ff02a0354ebe04d90c41\" ><p><span style=\"font-family: Oswald, sans-serif; font-size: 14px;\"><strong style=\"color: #339966; font-family: Oswald, sans-serif; font-size: 14px;\">Saneantes<\/strong><\/span><\/p>\n<p><span style=\"font-family: Oswald, sans-serif; font-size: 14px;\">Produtos que facilitam a limpeza e a conserva\u00e7\u00e3o de ambientes (casas, escrit\u00f3rios, lojas, hospitais). Podem ser classificados em Risco 1 e Risco 2 onde se enquadram em registro ou Notifica\u00e7\u00e3o de Produtos.<\/span><\/p>\n<ul>\n<li><span style=\"font-family: Oswald, sans-serif; font-size: 14px;\">Notifica\u00e7\u00e3o: Risco 1<\/span><\/li>\n<li><span style=\"font-family: Oswald, sans-serif; font-size: 14px;\">Registro: Risco 2.<\/span><\/li>\n<li><span style=\"font-family: Oswald, sans-serif; font-size: 14px;\">Renova\u00e7\u00e3o de Registro e Notifica\u00e7\u00e3o<\/span><\/li>\n<li><span style=\"font-family: Oswald, sans-serif; font-size: 14px;\">Altera\u00e7\u00f5es.<\/span><\/li>\n<\/ul>\n<p><span style=\"font-family: Oswald, sans-serif; font-size: 14px;\">Para a correta classifica\u00e7\u00e3o dos produtos, entre em contato conosco.<\/span><\/div><\/div><\/div><\/div>\n\t\t\t\t\t<\/li><li class=\"pane-wrapper\" style=\"background-image: url(&quot;&#8221;&#8221;&quot;);\">\n\t\t\t\t\t<h4 class=\"tab has-bg\"><div class=\"inner\">Medicamentos<\/div><\/h4>\n\t\t\t\t\t<div class=\"pane\"><div class=\"inner\"><div class=\"row \"><div class=\"wpv-grid grid-1-2  first unextended\" style=\"padding-top:0px;padding-bottom:0px\" id=\"wpv-column-2ccf7eb29db4b9f0701113338854de8a\" ><h2><strong style=\"color: #339966; font-family: Oswald, sans-serif; font-size: 14px;\">Medicamentos<\/strong><\/h2>\n<p><span style=\"font-family: Oswald, sans-serif; font-size: 14px;\">Produto farmac\u00eautico, tecnicamente obtido ou elaborado, com finalidade profil\u00e1tica, curativa, paliativa ou para fins de diagn\u00f3stico. S\u00e3o classificados da seguinte forma:<\/span><\/p>\n<ul>\n<li><span style=\"font-family: Oswald, sans-serif; font-size: 14px;\">Registro de Medicamentos de Refer\u00eancia<\/span><\/li>\n<li><span style=\"font-family: Oswald, sans-serif; font-size: 14px;\">Registro de Medicamentos Dinamizados<\/span><\/li>\n<li><span style=\"font-family: Oswald, sans-serif; font-size: 14px;\">Registro de Medicamentos Espec\u00edficos<\/span><\/li>\n<li><span style=\"font-family: Oswald, sans-serif; font-size: 14px;\">Registro de Medicamentos Fitoter\u00e1picos<\/span><\/li>\n<li><span style=\"font-family: Oswald, sans-serif; font-size: 14px;\">Registro de Medicamentos Fracionados<\/span><\/li>\n<li><span style=\"font-family: Oswald, sans-serif; font-size: 14px;\">Registro de Medicamentos Gen\u00e9ricos<\/span><\/li>\n<li><span style=\"font-family: Oswald, sans-serif; font-size: 14px;\">Registro de Medicamentos Novos<\/span><\/li>\n<li><span style=\"font-family: Oswald, sans-serif; font-size: 14px;\">Registro de Medicamentos Similares<\/span><\/li>\n<li><span style=\"font-family: Oswald, sans-serif; font-size: 14px;\">Medicamentos de Notifica\u00e7\u00e3o Simplificada<\/span><\/li>\n<\/ul>\n<p><span style=\"font-family: Oswald, sans-serif; font-size: 14px;\">Para a correta classifica\u00e7\u00e3o dos produtos, entre em contato conosco.<\/span><\/div><\/div><\/div><\/div>\n\t\t\t\t\t<\/li><li class=\"pane-wrapper\" style=\"background-image: url(&quot;&#8221;&#8221;&quot;);\">\n\t\t\t\t\t<h4 class=\"tab has-bg\"><div class=\"inner\">Alimentos<\/div><\/h4>\n\t\t\t\t\t<div class=\"pane\"><div class=\"inner\"><div class=\"row \"><div class=\"wpv-grid grid-1-2  first unextended\" style=\"padding-top:0px;padding-bottom:0px\" id=\"wpv-column-18207537c20b5da235e457c959b19914\" ><p><span style=\"font-family: Oswald, sans-serif; font-size: 14px;\"><strong style=\"color: #339966; font-family: Oswald, sans-serif; font-size: 14px;\">Alimentos<\/strong><\/span><\/p>\n<p><span style=\"font-family: Oswald, sans-serif; font-size: 14px;\">Produtos destinados a fornecer ao organismo humano os elementos normais \u00e0 sua forma\u00e7\u00e3o, manuten\u00e7\u00e3o e desenvolvimento. Podem ser passiveis de registro frente \u00e1 ANVISA e MAPA:<\/span><\/p>\n<ul>\n<li><span style=\"font-family: Oswald, sans-serif; font-size: 14px;\">Registro frente \u00e1 ANVISA<\/span><\/li>\n<li><span style=\"font-family: Oswald, sans-serif; font-size: 14px;\">Registro frente ao MAPA<\/span><\/li>\n<\/ul>\n<p><span style=\"font-family: Oswald, sans-serif; font-size: 14px;\">Para a correta classifica\u00e7\u00e3o dos produtos, entre em contato conosco. <\/span><\/p>\n<div class=\"push\" style='height:80px'><\/div><\/div><\/div><\/div><\/div>\n\t\t\t\t\t<\/li><\/ul><style>.wpv-accordion-1 .tab:not(.has-bg) .inner { background-color: #C6CFC2; color: #ffffff; }<\/style><\/div><\/div><\/div>\n","protected":false},"excerpt":{"rendered":"","protected":false},"author":1,"featured_media":0,"parent":0,"menu_order":1,"comment_status":"closed","ping_status":"open","template":"","meta":{"_monsterinsights_skip_tracking":false,"_monsterinsights_sitenote_active":false,"_monsterinsights_sitenote_note":"","_monsterinsights_sitenote_category":0,"footnotes":""},"class_list":["post-8062","page","type-page","status-publish","hentry"],"_links":{"self":[{"href":"https:\/\/interventus.com.br\/index.php?rest_route=\/wp\/v2\/pages\/8062","targetHints":{"allow":["GET"]}}],"collection":[{"href":"https:\/\/interventus.com.br\/index.php?rest_route=\/wp\/v2\/pages"}],"about":[{"href":"https:\/\/interventus.com.br\/index.php?rest_route=\/wp\/v2\/types\/page"}],"author":[{"embeddable":true,"href":"https:\/\/interventus.com.br\/index.php?rest_route=\/wp\/v2\/users\/1"}],"replies":[{"embeddable":true,"href":"https:\/\/interventus.com.br\/index.php?rest_route=%2Fwp%2Fv2%2Fcomments&post=8062"}],"version-history":[{"count":16,"href":"https:\/\/interventus.com.br\/index.php?rest_route=\/wp\/v2\/pages\/8062\/revisions"}],"predecessor-version":[{"id":8207,"href":"https:\/\/interventus.com.br\/index.php?rest_route=\/wp\/v2\/pages\/8062\/revisions\/8207"}],"wp:attachment":[{"href":"https:\/\/interventus.com.br\/index.php?rest_route=%2Fwp%2Fv2%2Fmedia&parent=8062"}],"curies":[{"name":"wp","href":"https:\/\/api.w.org\/{rel}","templated":true}]}}