{"id":32,"date":"2013-03-22T14:26:18","date_gmt":"2013-03-22T14:26:18","guid":{"rendered":"http:\/\/health-center.vamtam.com\/?page_id=32"},"modified":"2015-01-23T15:28:28","modified_gmt":"2015-01-23T15:28:28","slug":"services","status":"publish","type":"page","link":"https:\/\/interventus.com.br\/?page_id=32","title":{"rendered":"Servi\u00e7os"},"content":{"rendered":"<div class=\"row \"><div class=\"wpv-grid grid-1-1  wpv-first-level first unextended\" style=\"padding-top:0px;padding-bottom:0px\" id=\"wpv-column-ad3f1607d4c581727e1910b4213d33fc\" ><p>\n\t\t\t<!-- START Servicos REVOLUTION SLIDER 6.7.13 --><p class=\"rs-p-wp-fix\"><\/p>\n\t\t\t<rs-module-wrap id=\"rev_slider_7_1_wrapper\" data-source=\"gallery\" data-aimg=\"\"  style=\"visibility:hidden;background:#E9E9E9;padding:0;margin:0px auto;margin-top:0;margin-bottom:0;\">\n\t\t\t\t<rs-module id=\"rev_slider_7_1\" style=\"\" data-version=\"6.7.13\">\n\t\t\t\t\t<rs-slides style=\"overflow: hidden; position: absolute;\">\n\t\t\t\t\t\t<rs-slide style=\"position: absolute;\" data-key=\"rs-12\" data-title=\"Slide\" data-anim=\"ms:300;\" data-in=\"o:1;\" data-out=\"o:1;\">\n\t\t\t\t\t\t\t<img decoding=\"async\" src=\"\/\/interventus.com.br\/wp-content\/plugins\/revslider\/sr6\/assets\/assets\/dummy.png\" alt=\"\" title=\"Servi\u00e7os\" class=\"rev-slidebg tp-rs-img rs-lazyload\" data-lazyload=\"\/\/interventus.com.br\/wp-content\/uploads\/2014\/12\/Consulting-e1419020938177.jpg\" data-no-retina>\n<!---->\t\t\t\t\t<\/rs-slide>\n\t\t\t\t\t\t<rs-slide style=\"position: absolute;\" data-key=\"rs-121\" data-title=\"Slide\" data-anim=\"ms:300;\" data-in=\"o:1;\" data-out=\"o:1;\">\n\t\t\t\t\t\t\t<img decoding=\"async\" src=\"\/\/interventus.com.br\/wp-content\/plugins\/revslider\/sr6\/assets\/assets\/dummy.png\" alt=\"\" title=\"Servi\u00e7os\" class=\"rev-slidebg tp-rs-img rs-lazyload\" data-lazyload=\"\/\/interventus.com.br\/wp-content\/uploads\/2014\/12\/Consulting-e1419020938177.jpg\" data-no-retina>\n<!---->\t\t\t\t\t<\/rs-slide>\n\t\t\t\t\t<\/rs-slides>\n\t\t\t\t<\/rs-module>\n\t\t\t\t<script>\n\t\t\t\t\tsetREVStartSize({c: 'rev_slider_7_1',rl:[1240,1024,778,480],el:[],gw:[960],gh:[350],type:'standard',justify:'',layout:'fullwidth',mh:\"0\"});if (window.RS_MODULES!==undefined && window.RS_MODULES.modules!==undefined && window.RS_MODULES.modules[\"revslider71\"]!==undefined) {window.RS_MODULES.modules[\"revslider71\"].once = false;window.revapi7 = undefined;if (window.RS_MODULES.checkMinimal!==undefined) window.RS_MODULES.checkMinimal()}\n\t\t\t\t<\/script>\n\t\t\t<\/rs-module-wrap>\n\t\t\t<!-- END REVOLUTION SLIDER -->\n<\/div><\/div>\n<div class=\"row \"><div class=\"wpv-grid grid-1-1  wpv-first-level first hide-bg-lowres has-background unextended\" style=\"\n\t\t\t\tbackground: url( 'http:\/\/interventus.com.br\/wp-content\/uploads\/2014\/12\/servico-banners-baixo.png' ) no-repeat center bottom;\n\t\t\t\tbackground-size: auto;\n\t\t\t\tbackground-attachment: scroll;\n\t\t\tpadding-top:10px;padding-bottom:20px\" id=\"wpv-column-dc36c568258f8f554204476ce0ae10f8\" ><div class=\"row \"><div class=\"wpv-grid grid-1-2  first unextended\" style=\"padding-top:0px;padding-bottom:0px\" id=\"wpv-column-83051f8eda5cdeea2c07428df0de2af4\" ><h2><span style=\"font-family: Oswald, sans-serif; font-size: 24px; color: #008000;\">Servi\u00e7os<\/span><\/h2><\/div><\/div>\n<div class=\"wpv-accordion-wrapper wpv-accordion-1\"><ul class=\"wpv-accordion\" data-collapsible=\"true\"><li class=\"pane-wrapper\" style=\"background-image: url(&quot;&#8221;&#8221;&quot;);\">\n\t\t\t\t\t<h4 class=\"tab has-bg\"><div class=\"inner\">Licen\u00e7a&nbsp;Sanit\u00e1ria&nbsp;Municipal&nbsp;e&nbsp;Autoriza\u00e7\u00e3o&nbsp;de&nbsp;Funcionamento&nbsp;de&nbsp;Empresa&nbsp;\u2013&nbsp;AFE<\/div><\/h4>\n\t\t\t\t\t<div class=\"pane\"><div class=\"inner\"><div class=\"row \"><div class=\"wpv-grid grid-1-2  first unextended\" style=\"padding-top:0px;padding-bottom:0px\" id=\"wpv-column-d8a80ae1ff1000d9e514faa0c00b4f1b\" ><p>Se a sua empresa pretende atuar nas \u00e1reas:<br \/>\n<span style=\"font-family: Oswald, sans-serif; font-size: 14px;\">\u2022 Cosm\u00e9ticos, Produtos de Higiene e Perfumes;<\/span><br \/>\n<span style=\"font-family: Oswald, sans-serif; font-size: 14px;\">\u2022 Produtos para Sa\u00fade (Correlatos);<\/span><br \/>\n<span style=\"font-family: Oswald, sans-serif; font-size: 14px;\">\u2022 Saneantes;<\/span><br \/>\n<span style=\"font-family: Oswald, sans-serif; font-size: 14px;\">\u2022 Insumos farmac\u00eauticos e drogas;<\/span><br \/>\n<span style=\"font-family: Oswald, sans-serif; font-size: 14px;\">\u2022 Alimentos e Suplementos.<\/span><\/p>\n<p><span style=\"font-family: Oswald, sans-serif; font-size: 14px;\">Antes de tudo, \u00e9 necess\u00e1rio estar regularizada perante \u00e1 ANVISA, MAPA ou ambos.<\/span><\/p>\n<p><a href=\"http:\/\/senras.com.br\/Interventus\/wp-content\/uploads\/2013\/03\/graficoNEW.png\"><img loading=\"lazy\" decoding=\"async\" class=\"alignnone  wp-image-8209\" src=\"http:\/\/interventus.com.br\/wp-content\/uploads\/2013\/03\/Fluxograma-Portugues.jpg\" alt=\"Fluxograma-Portugues\" width=\"260\" height=\"118\" srcset=\"https:\/\/interventus.com.br\/wp-content\/uploads\/2013\/03\/Fluxograma-Portugues.jpg 920w, https:\/\/interventus.com.br\/wp-content\/uploads\/2013\/03\/Fluxograma-Portugues-300x136.jpg 300w, https:\/\/interventus.com.br\/wp-content\/uploads\/2013\/03\/Fluxograma-Portugues-768x349.jpg 768w, https:\/\/interventus.com.br\/wp-content\/uploads\/2013\/03\/Fluxograma-Portugues-600x273.jpg 600w, https:\/\/interventus.com.br\/wp-content\/uploads\/2013\/03\/Fluxograma-Portugues-555x252.jpg 555w, https:\/\/interventus.com.br\/wp-content\/uploads\/2013\/03\/Fluxograma-Portugues-360x164.jpg 360w, https:\/\/interventus.com.br\/wp-content\/uploads\/2013\/03\/Fluxograma-Portugues-262x119.jpg 262w\" sizes=\"auto, (max-width: 260px) 100vw, 260px\" \/><br \/>\n<\/a><span style=\"font-family: Oswald, sans-serif; font-size: 10px;\">(clique na figura para ampliar)<\/span><a href=\"http:\/\/senras.com.br\/Interventus\/wp-content\/uploads\/2013\/03\/graficoNEW.png\"><br \/>\n<\/a><\/p>\n<p><span style=\"font-family: Oswald, sans-serif; font-size: 14px;\">O fluxograma acima exemplifica os passos para o licenciamento de empresa no Sistema ANVISA.\u00a0<\/span><\/p>\n<p><span style=\"font-family: Oswald, sans-serif; font-size: 14px; color: #339966;\">TIPOS DE EMPRESAS:<\/span><\/p>\n<p><span style=\"font-family: Oswald, sans-serif; font-size: 14px;\">Importadora, Distribuidora, Armaz\u00e9m, Fabricante, Transportadora: Alimentos, Produtos para Sa\u00fade, Saneantes, Medicamentos, Cosm\u00e9ticos, Produtos de Higiene e Perfumes.<\/span><br \/>\n<span style=\"font-family: Oswald, sans-serif; font-size: 14px;\">Restaurantes: Alimentos<\/span><br \/>\n<span style=\"font-family: Oswald, sans-serif; font-size: 14px;\">Cl\u00ednicas e Consult\u00f3rios: Servi\u00e7os<\/span><\/div><\/div><\/div><\/div>\n\t\t\t\t\t<\/li><li class=\"pane-wrapper\" style=\"background-image: url(&quot;&#8221;&#8221;&quot;);\">\n\t\t\t\t\t<h4 class=\"tab has-bg\"><div class=\"inner\">Cl\u00ednicas&nbsp;e&nbsp;Consult\u00f3rios&nbsp;M\u00e9dicos<\/div><\/h4>\n\t\t\t\t\t<div class=\"pane\"><div class=\"inner\"><div class=\"row \"><div class=\"wpv-grid grid-1-2  first unextended\" style=\"padding-top:0px;padding-bottom:0px\" id=\"wpv-column-9dd82df20739c2fd1cdd3de1b06fd0a7\" ><p><span style=\"font-family: Oswald, sans-serif; font-size: 14px;\">\u2022 An\u00e1lise e Prepara\u00e7\u00e3o documental;<\/span><br \/>\n<span style=\"font-family: Oswald, sans-serif; font-size: 14px;\">\u2022 Inspe\u00e7\u00e3o no Local;<\/span><br \/>\n<span style=\"font-family: Oswald, sans-serif; font-size: 14px;\">\u2022 Licenciamento na Vigil\u00e2ncia Sanit\u00e1ria Municipal. <\/span><br \/>\n<span style=\"font-family: Oswald, sans-serif; font-size: 14px;\">\u2022 Renova\u00e7\u00e3o da Licen\u00e7a Sanit\u00e1ria. <\/span><\/div><\/div><\/div><\/div>\n\t\t\t\t\t<\/li><li class=\"pane-wrapper\" style=\"background-image: url(&quot;&#8221;&#8221;&quot;);\">\n\t\t\t\t\t<h4 class=\"tab has-bg\"><div class=\"inner\">Regulariza\u00e7\u00e3o&nbsp;de&nbsp;Produtos<\/div><\/h4>\n\t\t\t\t\t<div class=\"pane\"><div class=\"inner\"><div class=\"row \"><div class=\"wpv-grid grid-1-2  first unextended\" style=\"padding-top:0px;padding-bottom:0px\" id=\"wpv-column-328763879201ffcfccc78f99c081815e\" ><p><span style=\"font-family: Oswald, sans-serif; font-size: 14px;\">\u2022 Assessoria na Prepara\u00e7\u00e3o da Equipe e Documenta\u00e7\u00e3o pertinente;<\/span><br \/>\n<span style=\"font-family: Oswald, sans-serif; font-size: 14px;\">\u2022 Auditoria interna;<\/span><br \/>\n<span style=\"font-family: Oswald, sans-serif; font-size: 14px;\">\u2022 An\u00e1lise documental;<\/span><br \/>\n<span style=\"font-family: Oswald, sans-serif; font-size: 14px;\">\u2022 Protocoliza\u00e7\u00e3o.<\/span><br \/>\n<div class=\"push\" style='height:80px'><\/div><\/div><\/div><\/div><\/div>\n\t\t\t\t\t<\/li><li class=\"pane-wrapper\" style=\"background-image: url(&quot;&#8221;&#8221;&quot;);\">\n\t\t\t\t\t<h4 class=\"tab has-bg\"><div class=\"inner\">Certifica\u00e7\u00e3o&nbsp;de&nbsp;Boas&nbsp;Pr\u00e1ticas&nbsp;de&nbsp;Fabrica\u00e7\u00e3o,&nbsp;Armazenagem&nbsp;e&nbsp;Distribui\u00e7\u00e3o<\/div><\/h4>\n\t\t\t\t\t<div class=\"pane\"><div class=\"inner\"><div class=\"row \"><div class=\"wpv-grid grid-1-2  first unextended\" style=\"padding-top:0px;padding-bottom:0px\" id=\"wpv-column-fda3ccc4e8e18280b191b65778d6e498\" ><h2><\/h2>\n<p><span style=\"font-family: Oswald, sans-serif; font-size: 14px;\">\u2022 Assessoria na Prepara\u00e7\u00e3o da Equipe e Documenta\u00e7\u00e3o pertinente;<\/span><br \/>\n<span style=\"font-family: Oswald, sans-serif; font-size: 14px;\">\u2022 Auditoria interna;<\/span><br \/>\n<span style=\"font-family: Oswald, sans-serif; font-size: 14px;\">\u2022 An\u00e1lise documental;<\/span><br \/>\n<span style=\"font-family: Oswald, sans-serif; font-size: 14px;\">\u2022 Protocoliza\u00e7\u00e3o.<\/span><\/div><\/div><\/div><\/div>\n\t\t\t\t\t<\/li><li class=\"pane-wrapper\" style=\"background-image: url(&quot;&#8221;&#8221;&quot;);\">\n\t\t\t\t\t<h4 class=\"tab has-bg\"><div class=\"inner\">MAPA&nbsp;\u2013&nbsp;Minist\u00e9rio&nbsp;da&nbsp;Agricultura,&nbsp;Pecu\u00e1ria&nbsp;e&nbsp;Abastecimento<\/div><\/h4>\n\t\t\t\t\t<div class=\"pane\"><div class=\"inner\"><div class=\"row \"><div class=\"wpv-grid grid-1-2  first unextended\" style=\"padding-top:0px;padding-bottom:0px\" id=\"wpv-column-1c17dbd3b55242c9f953af42b843fa84\" ><h2><\/h2>\n<p><span style=\"font-family: Oswald, sans-serif; font-size: 14px;\">O MAPA realiza a fiscaliza\u00e7\u00e3o sanit\u00e1ria de produtos de uso veterin\u00e1rio, produtos de origem animal (enlatados, embutidos e outros) e vegetal (como bebidas e outros). <\/span><\/p>\n<p><span style=\"font-family: Oswald, sans-serif; font-size: 14px;\">Realizamos os seguintes servi\u00e7os:<\/span><\/p>\n<p><span style=\"font-family: Oswald, sans-serif; font-size: 14px;\">\u2022 Regulariza\u00e7\u00e3o de empresas importadoras de alimentos;<\/span><br \/>\n<span style=\"font-family: Oswald, sans-serif; font-size: 14px;\">\u2022 Registro de produtos.<\/span><\/p>\n<div class=\"push\" style='height:80px'><\/div><\/div><\/div><\/div><\/div>\n\t\t\t\t\t<\/li><\/ul><style>.wpv-accordion-1 .tab:not(.has-bg) .inner { background-color: #C6CFC2; color: #ffffff; }<\/style><\/div><\/div><\/div>\n","protected":false},"excerpt":{"rendered":"","protected":false},"author":1,"featured_media":0,"parent":0,"menu_order":1,"comment_status":"closed","ping_status":"closed","template":"","meta":{"_monsterinsights_skip_tracking":false,"_monsterinsights_sitenote_active":false,"_monsterinsights_sitenote_note":"","_monsterinsights_sitenote_category":0,"footnotes":""},"class_list":["post-32","page","type-page","status-publish","hentry"],"_links":{"self":[{"href":"https:\/\/interventus.com.br\/index.php?rest_route=\/wp\/v2\/pages\/32","targetHints":{"allow":["GET"]}}],"collection":[{"href":"https:\/\/interventus.com.br\/index.php?rest_route=\/wp\/v2\/pages"}],"about":[{"href":"https:\/\/interventus.com.br\/index.php?rest_route=\/wp\/v2\/types\/page"}],"author":[{"embeddable":true,"href":"https:\/\/interventus.com.br\/index.php?rest_route=\/wp\/v2\/users\/1"}],"replies":[{"embeddable":true,"href":"https:\/\/interventus.com.br\/index.php?rest_route=%2Fwp%2Fv2%2Fcomments&post=32"}],"version-history":[{"count":53,"href":"https:\/\/interventus.com.br\/index.php?rest_route=\/wp\/v2\/pages\/32\/revisions"}],"predecessor-version":[{"id":8214,"href":"https:\/\/interventus.com.br\/index.php?rest_route=\/wp\/v2\/pages\/32\/revisions\/8214"}],"wp:attachment":[{"href":"https:\/\/interventus.com.br\/index.php?rest_route=%2Fwp%2Fv2%2Fmedia&parent=32"}],"curies":[{"name":"wp","href":"https:\/\/api.w.org\/{rel}","templated":true}]}}